{"id":259,"date":"2016-12-28T21:15:24","date_gmt":"2016-12-28T20:15:24","guid":{"rendered":"http:\/\/papalapub-kaarst.de\/wordpress\/?page_id=259"},"modified":"2018-01-18T22:57:02","modified_gmt":"2018-01-18T21:57:02","slug":"gutscheine","status":"publish","type":"page","link":"http:\/\/papalapub-kaarst.de\/wordpress\/gutscheine\/","title":{"rendered":"Gutscheine"},"content":{"rendered":"<div id=\"pl-259\"  class=\"panel-layout\" ><div id=\"pg-259-0\"  class=\"panel-grid panel-no-style\" ><div id=\"pgc-259-0-0\"  class=\"panel-grid-cell\" ><div id=\"panel-259-0-0-0\" class=\"so-panel widget widget_sow-editor panel-first-child panel-last-child\" data-index=\"0\" ><div\n\t\t\t\n\t\t\tclass=\"so-widget-sow-editor so-widget-sow-editor-base\"\n\t\t\t\n\t\t>\n<div class=\"siteorigin-widget-tinymce textwidget\">\n\t<h3 class=\"subline geschenkgutschein\" style=\"text-align: left;\"><img loading=\"lazy\" decoding=\"async\" class=\"alignnone wp-image-264 size-full\" src=\"http:\/\/papalapub-kaarst.de\/wordpress\/wp-content\/uploads\/2016\/12\/Gutschein.jpg\" alt=\"\" width=\"896\" height=\"520\" srcset=\"http:\/\/papalapub-kaarst.de\/wordpress\/wp-content\/uploads\/2016\/12\/Gutschein.jpg 896w, http:\/\/papalapub-kaarst.de\/wordpress\/wp-content\/uploads\/2016\/12\/Gutschein-300x174.jpg 300w, http:\/\/papalapub-kaarst.de\/wordpress\/wp-content\/uploads\/2016\/12\/Gutschein-768x446.jpg 768w\" sizes=\"(max-width: 896px) 100vw, 896px\" \/><\/h3>\n<\/div>\n<\/div><\/div><\/div><div id=\"pgc-259-0-1\"  class=\"panel-grid-cell\" ><div id=\"panel-259-0-1-0\" class=\"so-panel widget widget_sow-editor panel-first-child panel-last-child\" data-index=\"1\" ><div\n\t\t\t\n\t\t\tclass=\"so-widget-sow-editor so-widget-sow-editor-base\"\n\t\t\t\n\t\t>\n<div class=\"siteorigin-widget-tinymce textwidget\">\n\t<h3 class=\"subline geschenkgutschein\" style=\"text-align: left;\"><strong>Ein Gutschein vom PapalaPub Kaarst&nbsp;sorgt f\u00fcr unvergessliche Momente!<\/strong><\/h3>\n<hr \/>\n<p><strong>Ein Geschenk \u2013 viele M\u00f6glichkeiten!<\/strong> Zaubern Sie Ihren Liebsten, Bekannten oder Gesch\u00e4ftspartnern ein L\u00e4cheln ins Gesicht und verschenken Sie unsere Geschenkgutscheine. Die Gutscheine sind bei ins individuell einsetzbar, ob private Veranstaltung oder Tischreservierung, alles ist individuell m\u00f6glich.<\/p>\n<h6><strong><a href=\"mailto:gastro@papalapub-kaarst.de\">gastro@papalapub-kaarst.de<\/a> | Sprechen Sie uns gerne an!<\/strong><\/h6>\n<h3 style=\"text-align: left;\">&nbsp;<\/h3>\n<\/div>\n<\/div><\/div><\/div><\/div><\/div>","protected":false},"excerpt":{"rendered":"<p>Ein Gutschein vom PapalaPub Kaarst&nbsp;sorgt f\u00fcr unvergessliche Momente!Ein Geschenk \u2013 viele M\u00f6glichkeiten! Zaubern Sie Ihren Liebsten, Bekannten oder Gesch\u00e4ftspartnern ein L\u00e4cheln ins Gesicht und verschenken Sie unsere Geschenkgutscheine. Die Gutscheine sind bei ins individuell einsetzbar, ob private Veranstaltung oder Tischreservierung, alles ist individuell m\u00f6glich.gastro@papalapub-kaarst.de | Sprechen Sie uns gerne an!&nbsp;<\/p>\n","protected":false},"author":1,"featured_media":0,"parent":0,"menu_order":0,"comment_status":"closed","ping_status":"closed","template":"full-width.php","meta":{"ngg_post_thumbnail":0,"footnotes":""},"_links":{"self":[{"href":"http:\/\/papalapub-kaarst.de\/wordpress\/wp-json\/wp\/v2\/pages\/259"}],"collection":[{"href":"http:\/\/papalapub-kaarst.de\/wordpress\/wp-json\/wp\/v2\/pages"}],"about":[{"href":"http:\/\/papalapub-kaarst.de\/wordpress\/wp-json\/wp\/v2\/types\/page"}],"author":[{"embeddable":true,"href":"http:\/\/papalapub-kaarst.de\/wordpress\/wp-json\/wp\/v2\/users\/1"}],"replies":[{"embeddable":true,"href":"http:\/\/papalapub-kaarst.de\/wordpress\/wp-json\/wp\/v2\/comments?post=259"}],"version-history":[{"count":14,"href":"http:\/\/papalapub-kaarst.de\/wordpress\/wp-json\/wp\/v2\/pages\/259\/revisions"}],"predecessor-version":[{"id":513,"href":"http:\/\/papalapub-kaarst.de\/wordpress\/wp-json\/wp\/v2\/pages\/259\/revisions\/513"}],"wp:attachment":[{"href":"http:\/\/papalapub-kaarst.de\/wordpress\/wp-json\/wp\/v2\/media?parent=259"}],"curies":[{"name":"wp","href":"https:\/\/api.w.org\/{rel}","templated":true}]}}